{"id":836,"date":"2021-02-12T14:23:20","date_gmt":"2021-02-12T14:23:20","guid":{"rendered":"https:\/\/argentinakickboxing.com\/?post_type=product&#038;p=836"},"modified":"2026-03-30T15:07:58","modified_gmt":"2026-03-30T15:07:58","slug":"pantalon-fakb-oficial","status":"publish","type":"product","link":"https:\/\/argentinakickboxing.com\/?product=pantalon-fakb-oficial","title":{"rendered":"Pantal\u00f3n FAKB oficial"},"content":{"rendered":"<p>Sin stock hasta el 9 de abril, se\u00a0 puede reservar<\/p>\n<aside class=\"mashsb-container mashsb-main mashsb-stretched\"><div class=\"mashsb-box\"><div class=\"mashsb-buttons\"><a class=\"mashicon-facebook mash-medium mash-center mashsb-noshadow\" href=\"https:\/\/www.facebook.com\/sharer.php?u=https%3A%2F%2Fargentinakickboxing.com%2F%3Fproduct%3Dpantalon-fakb-oficial\" target=\"_top\" rel=\"nofollow\"><span class=\"icon\"><\/span><span class=\"text\">Share<\/span><\/a><a class=\"mashicon-twitter mash-medium mash-center mashsb-noshadow\" href=\"https:\/\/twitter.com\/intent\/tweet?text=&amp;url=https:\/\/argentinakickboxing.com\/?product=pantalon-fakb-oficial\" target=\"_top\" rel=\"nofollow\"><span class=\"icon\"><\/span><span class=\"text\">Tweet<\/span><\/a><div class=\"onoffswitch2 mash-medium mashsb-noshadow\" style=\"display:none\"><\/div><\/div>\n            <\/div>\n                <div style=\"clear:both\"><\/div><div class=\"mashsb-toggle-container\"><\/div><\/aside>\n            <!-- Share buttons by mashshare.net - Version: 4.0.47-->","protected":false},"excerpt":{"rendered":"<p><span style=\"vertical-align: inherit;\"><span style=\"vertical-align: inherit;\"><span style=\"vertical-align: inherit;\"><span style=\"vertical-align: inherit;\"><span style=\"vertical-align: inherit;\"><span style=\"vertical-align: inherit;\"><span dir=\"auto\" style=\"vertical-align: inherit;\"><span dir=\"auto\" style=\"vertical-align: inherit;\">Pantal\u00f3n oficial Federaci\u00f3n Argentina de Kickboxing<\/span><\/span><\/span><\/span><\/span><\/span><\/span><\/span><\/p>\n<p><span style=\"vertical-align: inherit;\"><span style=\"vertical-align: inherit;\"><span style=\"vertical-align: inherit;\"><span style=\"vertical-align: inherit;\"><span style=\"vertical-align: inherit;\"><span style=\"vertical-align: inherit;\"><span dir=\"auto\" style=\"vertical-align: inherit;\"><span dir=\"auto\" style=\"vertical-align: inherit;\">Talle 0 infantil hasta 12 a\u00f1os 50 kg <\/span><\/span><\/span><\/span><\/span><\/span><\/span><\/span><br \/>\n<span style=\"vertical-align: inherit;\"><span style=\"vertical-align: inherit;\"><span style=\"vertical-align: inherit;\"><span style=\"vertical-align: inherit;\"><span style=\"vertical-align: inherit;\"><span style=\"vertical-align: inherit;\"><span dir=\"auto\" style=\"vertical-align: inherit;\"><span dir=\"auto\" style=\"vertical-align: inherit;\">Talle 1 hasta 60 kg <\/span><\/span><\/span><\/span><\/span><\/span><\/span><\/span><br \/>\n<span style=\"vertical-align: inherit;\"><span style=\"vertical-align: inherit;\"><span style=\"vertical-align: inherit;\"><span style=\"vertical-align: inherit;\"><span style=\"vertical-align: inherit;\"><span style=\"vertical-align: inherit;\"><span dir=\"auto\" style=\"vertical-align: inherit;\"><span dir=\"auto\" style=\"vertical-align: inherit;\">Talle 2 hasta 70 kg <\/span><\/span><\/span><\/span><\/span><\/span><\/span><\/span><br \/>\n<span style=\"vertical-align: inherit;\"><span style=\"vertical-align: inherit;\"><span style=\"vertical-align: inherit;\"><span style=\"vertical-align: inherit;\"><span style=\"vertical-align: inherit;\"><span style=\"vertical-align: inherit;\"><span dir=\"auto\" style=\"vertical-align: inherit;\"><span dir=\"auto\" style=\"vertical-align: inherit;\">Talle 3 hasta 80 kg <\/span><\/span><\/span><\/span><\/span><\/span><\/span><\/span><br \/>\n<span style=\"vertical-align: inherit;\"><span style=\"vertical-align: inherit;\"><span style=\"vertical-align: inherit;\"><span style=\"vertical-align: inherit;\"><span style=\"vertical-align: inherit;\"><span style=\"vertical-align: inherit;\"><span dir=\"auto\" style=\"vertical-align: inherit;\"><span dir=\"auto\" style=\"vertical-align: inherit;\">Talle 4 hasta 80 kg <\/span><\/span><\/span><\/span><\/span><\/span><\/span><\/span><br \/>\n<span style=\"vertical-align: inherit;\"><span style=\"vertical-align: inherit;\"><span style=\"vertical-align: inherit;\"><span style=\"vertical-align: inherit;\"><span style=\"vertical-align: inherit;\"><span style=\"vertical-align: inherit;\"><span dir=\"auto\" style=\"vertical-align: inherit;\"><span dir=\"auto\" style=\"vertical-align: inherit;\">Talle 5 hasta 90 kg <\/span><\/span><\/span><\/span><\/span><\/span><\/span><\/span><br \/>\n<span style=\"vertical-align: inherit;\"><span style=\"vertical-align: inherit;\"><span style=\"vertical-align: inherit;\"><span style=\"vertical-align: inherit;\"><span style=\"vertical-align: inherit;\"><span style=\"vertical-align: inherit;\"><span dir=\"auto\" style=\"vertical-align: inherit;\"><span dir=\"auto\" style=\"vertical-align: inherit;\">Talle 6 m\u00e1s de 100 kg<\/span><\/span><\/span><\/span><\/span><\/span><\/span><\/span><\/p>\n","protected":false},"featured_media":936,"template":"","meta":[],"product_brand":[],"product_cat":[20,17],"product_tag":[28,30,32,31],"class_list":{"0":"post-836","1":"product","2":"type-product","3":"status-publish","4":"has-post-thumbnail","6":"product_cat-pantalones","7":"product_cat-ropa","8":"product_tag-fakb","9":"product_tag-kickboxing","10":"product_tag-pantalon-fakb","11":"product_tag-wako","12":"pa_talla-34","13":"pa_talla-35","14":"pa_talla-36","15":"pa_talla-37","16":"pa_talla-38","17":"pa_talla-39","19":"first","20":"instock","21":"shipping-taxable","22":"purchasable","23":"product-type-variable","24":"has-default-attributes"},"yoast_head":"<!-- This site is optimized with the Yoast SEO plugin v26.8 - https:\/\/yoast.com\/product\/yoast-seo-wordpress\/ -->\n<title>Pantal\u00f3n FAKB oficial - Federaci\u00f3n Argentina de Kickboxing<\/title>\n<meta name=\"robots\" content=\"index, follow, max-snippet:-1, max-image-preview:large, max-video-preview:-1\" \/>\n<link rel=\"canonical\" href=\"https:\/\/argentinakickboxing.com\/?product=pantalon-fakb-oficial\" \/>\n<meta property=\"og:locale\" content=\"es_ES\" \/>\n<meta property=\"og:type\" content=\"article\" \/>\n<meta property=\"og:title\" content=\"Pantal\u00f3n FAKB oficial - Federaci\u00f3n Argentina de Kickboxing\" \/>\n<meta property=\"og:description\" content=\"Pantal\u00f3n oficial Federaci\u00f3n Argentina de Kickboxing  Talle 0 infantil hasta 12 a\u00f1os 50 kg  Talle 1 hasta 60 kg  Talle 2 hasta 70 kg  Talle 3 hasta 80 kg  Talle 4 hasta 80 kg  Talle 5 hasta 90 kg  Talle 6 m\u00e1s de 100 kg\" \/>\n<meta property=\"og:url\" content=\"https:\/\/argentinakickboxing.com\/?product=pantalon-fakb-oficial\" \/>\n<meta property=\"og:site_name\" content=\"Federaci\u00f3n Argentina de Kickboxing\" \/>\n<meta property=\"article:modified_time\" content=\"2026-03-30T15:07:58+00:00\" \/>\n<meta property=\"og:image\" content=\"https:\/\/argentinakickboxing.com\/wp-content\/uploads\/2021\/02\/pantalon-FAKB-frente-1-1.jpg\" \/>\n\t<meta property=\"og:image:width\" content=\"1280\" \/>\n\t<meta property=\"og:image:height\" content=\"1280\" \/>\n\t<meta property=\"og:image:type\" content=\"image\/jpeg\" \/>\n<meta name=\"twitter:card\" content=\"summary_large_image\" \/>\n<meta name=\"twitter:label1\" content=\"Tiempo de lectura\" \/>\n\t<meta name=\"twitter:data1\" content=\"1 minuto\" \/>\n<script type=\"application\/ld+json\" class=\"yoast-schema-graph\">{\"@context\":\"https:\/\/schema.org\",\"@graph\":[{\"@type\":\"WebPage\",\"@id\":\"https:\/\/argentinakickboxing.com\/?product=pantalon-fakb-oficial\",\"url\":\"https:\/\/argentinakickboxing.com\/?product=pantalon-fakb-oficial\",\"name\":\"Pantal\u00f3n FAKB oficial - Federaci\u00f3n Argentina de Kickboxing\",\"isPartOf\":{\"@id\":\"https:\/\/argentinakickboxing.com\/#website\"},\"primaryImageOfPage\":{\"@id\":\"https:\/\/argentinakickboxing.com\/?product=pantalon-fakb-oficial#primaryimage\"},\"image\":{\"@id\":\"https:\/\/argentinakickboxing.com\/?product=pantalon-fakb-oficial#primaryimage\"},\"thumbnailUrl\":\"https:\/\/argentinakickboxing.com\/wp-content\/uploads\/2021\/02\/pantalon-FAKB-frente-1-1.jpg\",\"datePublished\":\"2021-02-12T14:23:20+00:00\",\"dateModified\":\"2026-03-30T15:07:58+00:00\",\"breadcrumb\":{\"@id\":\"https:\/\/argentinakickboxing.com\/?product=pantalon-fakb-oficial#breadcrumb\"},\"inLanguage\":\"es\",\"potentialAction\":[{\"@type\":\"ReadAction\",\"target\":[\"https:\/\/argentinakickboxing.com\/?product=pantalon-fakb-oficial\"]}]},{\"@type\":\"ImageObject\",\"inLanguage\":\"es\",\"@id\":\"https:\/\/argentinakickboxing.com\/?product=pantalon-fakb-oficial#primaryimage\",\"url\":\"https:\/\/argentinakickboxing.com\/wp-content\/uploads\/2021\/02\/pantalon-FAKB-frente-1-1.jpg\",\"contentUrl\":\"https:\/\/argentinakickboxing.com\/wp-content\/uploads\/2021\/02\/pantalon-FAKB-frente-1-1.jpg\",\"width\":1280,\"height\":1280},{\"@type\":\"BreadcrumbList\",\"@id\":\"https:\/\/argentinakickboxing.com\/?product=pantalon-fakb-oficial#breadcrumb\",\"itemListElement\":[{\"@type\":\"ListItem\",\"position\":1,\"name\":\"Home\",\"item\":\"https:\/\/argentinakickboxing.com\/\"},{\"@type\":\"ListItem\",\"position\":2,\"name\":\"Tienda oficial\",\"item\":\"https:\/\/argentinakickboxing.com\/?page_id=5\"},{\"@type\":\"ListItem\",\"position\":3,\"name\":\"Pantal\u00f3n FAKB oficial\"}]},{\"@type\":\"WebSite\",\"@id\":\"https:\/\/argentinakickboxing.com\/#website\",\"url\":\"https:\/\/argentinakickboxing.com\/\",\"name\":\"Federaci\u00f3n Argentina de Kickboxing\",\"description\":\"Sitio oficial del kickboxing en Argentina\",\"publisher\":{\"@id\":\"https:\/\/argentinakickboxing.com\/#organization\"},\"potentialAction\":[{\"@type\":\"SearchAction\",\"target\":{\"@type\":\"EntryPoint\",\"urlTemplate\":\"https:\/\/argentinakickboxing.com\/?s={search_term_string}\"},\"query-input\":{\"@type\":\"PropertyValueSpecification\",\"valueRequired\":true,\"valueName\":\"search_term_string\"}}],\"inLanguage\":\"es\"},{\"@type\":\"Organization\",\"@id\":\"https:\/\/argentinakickboxing.com\/#organization\",\"name\":\"Federaci\u00f3n Argentina de Kickboxing\",\"url\":\"https:\/\/argentinakickboxing.com\/\",\"logo\":{\"@type\":\"ImageObject\",\"inLanguage\":\"es\",\"@id\":\"https:\/\/argentinakickboxing.com\/#\/schema\/logo\/image\/\",\"url\":\"https:\/\/argentinakickboxing.com\/wp-content\/uploads\/2024\/03\/cropped-Captura-de-pantalla-2024-03-21-180747.jpg\",\"contentUrl\":\"https:\/\/argentinakickboxing.com\/wp-content\/uploads\/2024\/03\/cropped-Captura-de-pantalla-2024-03-21-180747.jpg\",\"width\":1139,\"height\":173,\"caption\":\"Federaci\u00f3n Argentina de Kickboxing\"},\"image\":{\"@id\":\"https:\/\/argentinakickboxing.com\/#\/schema\/logo\/image\/\"}}]}<\/script>\n<!-- \/ Yoast SEO plugin. -->","yoast_head_json":{"title":"Pantal\u00f3n FAKB oficial - Federaci\u00f3n Argentina de Kickboxing","robots":{"index":"index","follow":"follow","max-snippet":"max-snippet:-1","max-image-preview":"max-image-preview:large","max-video-preview":"max-video-preview:-1"},"canonical":"https:\/\/argentinakickboxing.com\/?product=pantalon-fakb-oficial","og_locale":"es_ES","og_type":"article","og_title":"Pantal\u00f3n FAKB oficial - Federaci\u00f3n Argentina de Kickboxing","og_description":"Pantal\u00f3n oficial Federaci\u00f3n Argentina de Kickboxing  Talle 0 infantil hasta 12 a\u00f1os 50 kg  Talle 1 hasta 60 kg  Talle 2 hasta 70 kg  Talle 3 hasta 80 kg  Talle 4 hasta 80 kg  Talle 5 hasta 90 kg  Talle 6 m\u00e1s de 100 kg","og_url":"https:\/\/argentinakickboxing.com\/?product=pantalon-fakb-oficial","og_site_name":"Federaci\u00f3n Argentina de Kickboxing","article_modified_time":"2026-03-30T15:07:58+00:00","og_image":[{"width":1280,"height":1280,"url":"https:\/\/argentinakickboxing.com\/wp-content\/uploads\/2021\/02\/pantalon-FAKB-frente-1-1.jpg","type":"image\/jpeg"}],"twitter_card":"summary_large_image","twitter_misc":{"Tiempo de lectura":"1 minuto"},"schema":{"@context":"https:\/\/schema.org","@graph":[{"@type":"WebPage","@id":"https:\/\/argentinakickboxing.com\/?product=pantalon-fakb-oficial","url":"https:\/\/argentinakickboxing.com\/?product=pantalon-fakb-oficial","name":"Pantal\u00f3n FAKB oficial - Federaci\u00f3n Argentina de Kickboxing","isPartOf":{"@id":"https:\/\/argentinakickboxing.com\/#website"},"primaryImageOfPage":{"@id":"https:\/\/argentinakickboxing.com\/?product=pantalon-fakb-oficial#primaryimage"},"image":{"@id":"https:\/\/argentinakickboxing.com\/?product=pantalon-fakb-oficial#primaryimage"},"thumbnailUrl":"https:\/\/argentinakickboxing.com\/wp-content\/uploads\/2021\/02\/pantalon-FAKB-frente-1-1.jpg","datePublished":"2021-02-12T14:23:20+00:00","dateModified":"2026-03-30T15:07:58+00:00","breadcrumb":{"@id":"https:\/\/argentinakickboxing.com\/?product=pantalon-fakb-oficial#breadcrumb"},"inLanguage":"es","potentialAction":[{"@type":"ReadAction","target":["https:\/\/argentinakickboxing.com\/?product=pantalon-fakb-oficial"]}]},{"@type":"ImageObject","inLanguage":"es","@id":"https:\/\/argentinakickboxing.com\/?product=pantalon-fakb-oficial#primaryimage","url":"https:\/\/argentinakickboxing.com\/wp-content\/uploads\/2021\/02\/pantalon-FAKB-frente-1-1.jpg","contentUrl":"https:\/\/argentinakickboxing.com\/wp-content\/uploads\/2021\/02\/pantalon-FAKB-frente-1-1.jpg","width":1280,"height":1280},{"@type":"BreadcrumbList","@id":"https:\/\/argentinakickboxing.com\/?product=pantalon-fakb-oficial#breadcrumb","itemListElement":[{"@type":"ListItem","position":1,"name":"Home","item":"https:\/\/argentinakickboxing.com\/"},{"@type":"ListItem","position":2,"name":"Tienda oficial","item":"https:\/\/argentinakickboxing.com\/?page_id=5"},{"@type":"ListItem","position":3,"name":"Pantal\u00f3n FAKB oficial"}]},{"@type":"WebSite","@id":"https:\/\/argentinakickboxing.com\/#website","url":"https:\/\/argentinakickboxing.com\/","name":"Federaci\u00f3n Argentina de Kickboxing","description":"Sitio oficial del kickboxing en Argentina","publisher":{"@id":"https:\/\/argentinakickboxing.com\/#organization"},"potentialAction":[{"@type":"SearchAction","target":{"@type":"EntryPoint","urlTemplate":"https:\/\/argentinakickboxing.com\/?s={search_term_string}"},"query-input":{"@type":"PropertyValueSpecification","valueRequired":true,"valueName":"search_term_string"}}],"inLanguage":"es"},{"@type":"Organization","@id":"https:\/\/argentinakickboxing.com\/#organization","name":"Federaci\u00f3n Argentina de Kickboxing","url":"https:\/\/argentinakickboxing.com\/","logo":{"@type":"ImageObject","inLanguage":"es","@id":"https:\/\/argentinakickboxing.com\/#\/schema\/logo\/image\/","url":"https:\/\/argentinakickboxing.com\/wp-content\/uploads\/2024\/03\/cropped-Captura-de-pantalla-2024-03-21-180747.jpg","contentUrl":"https:\/\/argentinakickboxing.com\/wp-content\/uploads\/2024\/03\/cropped-Captura-de-pantalla-2024-03-21-180747.jpg","width":1139,"height":173,"caption":"Federaci\u00f3n Argentina de Kickboxing"},"image":{"@id":"https:\/\/argentinakickboxing.com\/#\/schema\/logo\/image\/"}}]}},"_links":{"self":[{"href":"https:\/\/argentinakickboxing.com\/index.php?rest_route=\/wp\/v2\/product\/836","targetHints":{"allow":["GET"]}}],"collection":[{"href":"https:\/\/argentinakickboxing.com\/index.php?rest_route=\/wp\/v2\/product"}],"about":[{"href":"https:\/\/argentinakickboxing.com\/index.php?rest_route=\/wp\/v2\/types\/product"}],"wp:featuredmedia":[{"embeddable":true,"href":"https:\/\/argentinakickboxing.com\/index.php?rest_route=\/wp\/v2\/media\/936"}],"wp:attachment":[{"href":"https:\/\/argentinakickboxing.com\/index.php?rest_route=%2Fwp%2Fv2%2Fmedia&parent=836"}],"wp:term":[{"taxonomy":"product_brand","embeddable":true,"href":"https:\/\/argentinakickboxing.com\/index.php?rest_route=%2Fwp%2Fv2%2Fproduct_brand&post=836"},{"taxonomy":"product_cat","embeddable":true,"href":"https:\/\/argentinakickboxing.com\/index.php?rest_route=%2Fwp%2Fv2%2Fproduct_cat&post=836"},{"taxonomy":"product_tag","embeddable":true,"href":"https:\/\/argentinakickboxing.com\/index.php?rest_route=%2Fwp%2Fv2%2Fproduct_tag&post=836"}],"curies":[{"name":"wp","href":"https:\/\/api.w.org\/{rel}","templated":true}]}}