{"id":9751,"date":"2026-04-21T16:20:53","date_gmt":"2026-04-21T16:20:53","guid":{"rendered":"https:\/\/argentinakickboxing.com\/?page_id=9751"},"modified":"2026-04-21T16:42:17","modified_gmt":"2026-04-21T16:42:17","slug":"comite-medico","status":"publish","type":"page","link":"https:\/\/argentinakickboxing.com\/?page_id=9751","title":{"rendered":"Comit\u00e9 m\u00e9dico"},"content":{"rendered":"\t\t<div data-elementor-type=\"wp-page\" data-elementor-id=\"9751\" class=\"elementor elementor-9751\">\n\t\t\t\t\t\t<section class=\"elementor-section elementor-top-section elementor-element elementor-element-6f28dbd elementor-section-boxed elementor-section-height-default elementor-section-height-default\" data-id=\"6f28dbd\" data-element_type=\"section\">\n\t\t\t\t\t\t<div class=\"elementor-container elementor-column-gap-default\">\n\t\t\t\t\t<div class=\"elementor-column elementor-col-100 elementor-top-column elementor-element elementor-element-8e18630\" data-id=\"8e18630\" data-element_type=\"column\">\n\t\t\t<div class=\"elementor-widget-wrap elementor-element-populated\">\n\t\t\t\t\t\t<div class=\"elementor-element elementor-element-97d84a3 elementor-widget elementor-widget-text-editor\" data-id=\"97d84a3\" data-element_type=\"widget\" data-widget_type=\"text-editor.default\">\n\t\t\t\t<div class=\"elementor-widget-container\">\n\t\t\t\t\t\t\t\t\t<h3>Dra Guillermina Barat\u00a0<\/h3><p>Colaborador Dr Eduardo Burga Montoya<\/p><h3>\u00a0<\/h3><h3>PROGRAMA M\u00c9DICO INTEGRAL<br \/><em>WAKO Kickboxing<\/em><\/h3><h5>\u00a0<\/h5><h5>Preservaci\u00f3n y optimizaci\u00f3n de la salud del atleta<\/h5><p><em>Introducci\u00f3n<\/em><br \/>El kickboxing es un deporte de combate de alta exigencia f\u00edsica, metab\u00f3lica y mental. El desarrollo deportivo moderno requiere integrar la medicina como pilar estructural del rendimiento.Un programa m\u00e9dico organizado permite:<\/p><p>-Detectar riesgos de salud de forma precoz<br \/>-Optimizar el rendimiento deportivo<br \/>-Prevenir lesiones y complicaciones metab\u00f3licas<br \/>-Aumentar la longevidad deportiva<\/p><p>Profesionalizar el deporte<\/p><blockquote><p>La salud del atleta debe ser considerada un objetivo estrat\u00e9gico dentro del sistema deportivo WAKO.<\/p><\/blockquote><p><em>Objetivo del programa<\/em><\/p><p>Desarrollar un modelo m\u00e9dico integral basado en:<br \/>-Prevenci\u00f3n<br \/>-Evaluaci\u00f3n cl\u00ednica peri\u00f3dica<br \/>-Educaci\u00f3n del atleta<br \/>-Protocolos seguros de competencia<br \/>-Estrategias modernas de adaptaci\u00f3n fisiol\u00f3gica<\/p><p><em>Modelo de salud del atleta WAKO<\/em><\/p><p>El programa m\u00e9dico se sustenta en cinco pilares fundamentales:<br \/>-Evaluaci\u00f3n m\u00e9dica obligatoria<br \/>-Seguimiento cl\u00ednico peri\u00f3dico<br \/>-Educaci\u00f3n sanitaria del atleta y entrenadores<br \/>-Manejo seguro del peso competitivo<br \/>-Desarrollo de la capacidad adaptativa del atleta<br \/>-Evaluaci\u00f3n m\u00e9dica del atleta<\/p><p>La evaluaci\u00f3n m\u00e9dica inicial es obligatoria para la participaci\u00f3n competitiva.<br \/>-Laboratorio completo<br \/>Permite detectar:<\/p><p style=\"padding-left: 40px;\">Anemia<br \/>D\u00e9ficits nutricionales<br \/>Inflamaci\u00f3n<br \/>Sobreentrenamiento<br \/>Alteraciones metab\u00f3licas<br \/>Estudios sugeridos<br \/>Hemograma<br \/>Glucemia<br \/>Perfil lip\u00eddico<br \/>Hepatograma<br \/>Funci\u00f3n renal<br \/>Ionograma<br \/>Ferritina<br \/>Vitamina D<br \/>Creatinfosfoquinasa (CK) en atletas de alta exigencia<\/p><p>Electrocardiograma (Obligatorio en todos los atletas): Permite detectar arritmias y alteraciones el\u00e9ctricas card\u00edacas<\/p><p>Ergometr\u00eda (mayores de 18 a\u00f1os):<\/p><p style=\"padding-left: 40px;\">Eval\u00faa la respuesta cardiovascular al esfuerzo<br \/>Detecta hipertensi\u00f3n inducida por ejercicio<br \/>Permite orientar la planificaci\u00f3n del entrenamiento<\/p><p>Otros estudios seg\u00fan criterio m\u00e9dico:<br \/>-Ecocardiograma<br \/>-Holter<br \/>-Evaluaci\u00f3n traumatol\u00f3gica<br \/>-Evaluaci\u00f3n respiratoria<br \/>-Evaluaci\u00f3n de composici\u00f3n corporal<\/p><p><em>Talleres m\u00e9dicos y educativos<\/em><br \/>La educaci\u00f3n del atleta es un componente esencial del programa.<br \/>-Taller de antidoping \u2014 actualizaci\u00f3n WADA<br \/>Objetivos:<\/p><p style=\"padding-left: 40px;\">Conocer sustancias prohibidas<br \/>Evitar sanciones deportivas<br \/>Comprender riesgos de suplementos contaminados<br \/>Promover el juego limpio<br \/>Contenidos<br \/>Lista WADA actualizada<br \/>Autorizaci\u00f3n de uso terap\u00e9utico<br \/>Responsabilidad individual del atleta<br \/>Riesgos del uso de suplementos sin certificaci\u00f3n<\/p><p><em>Taller de nutrici\u00f3n deportiva<\/em><br \/>Objetivos:<\/p><p style=\"padding-left: 40px;\">Optimizar composici\u00f3n corporal<br \/>Mejorar recuperaci\u00f3n<br \/>Mantener niveles adecuados de energ\u00eda<br \/>Disminuir riesgo de lesiones<br \/>Contenidos<br \/>Requerimientos nutricionales seg\u00fan etapa deportiva<br \/>Organizaci\u00f3n de comidas<br \/>Alimentaci\u00f3n previa y posterior al combate<br \/>Nutrici\u00f3n en competencia<\/p><p><em>Taller de hidrataci\u00f3n deportiva<\/em><br \/>Objetivos:<\/p><p style=\"padding-left: 40px;\">Mantener rendimiento neuromuscular<br \/>Prevenir calambres<br \/>Evitar deshidrataci\u00f3n severa<br \/>Favorecer recuperaci\u00f3n<br \/>Contenidos<br \/>Estrategias de hidrataci\u00f3n diaria<br \/>Reposici\u00f3n de l\u00edquidos posterior al pesaje<br \/>Uso adecuado de electrolitos<br \/>Identificaci\u00f3n de signos de deshidrataci\u00f3n<\/p><p><em>Taller de hormesis aplicada al deporte de combate<\/em><br \/>La hormesis es la capacidad del organismo de adaptarse positivamente a est\u00edmulos fisiol\u00f3gicos controlados.<br \/>Objetivos:<\/p><p>Mejorar resiliencia metab\u00f3lica<br \/>Aumentar tolerancia al estr\u00e9s competitivo<br \/>Optimizar recuperaci\u00f3n<br \/>Regular el sistema nervioso<br \/>Favorecer el rendimiento a largo plazo<br \/>Contenidos<br \/>Exposici\u00f3n controlada al fr\u00edo<br \/>Uso terap\u00e9utico del calor<br \/>Ejercicios respiratorios e hipoxia intermitente<br \/>Entrenamiento intermitente de alta intensidad<br \/>Regulaci\u00f3n del balance carga-recuperaci\u00f3n<br \/>La correcta dosificaci\u00f3n del est\u00edmulo es fundamental para evitar sobreentrenamiento.<\/p><p>Taller de manejo m\u00e9dico del peso competitivo<br \/>El descenso de peso es una pr\u00e1ctica frecuente en deportes de combate y debe realizarse bajo supervisi\u00f3n profesional. Objetivo:<\/p><p style=\"padding-left: 40px;\">Disminuir riesgos m\u00e9dicos asociados al descenso de peso<br \/>Etapas<br \/>Etapa no competitiva<br \/>Trabajo progresivo sobre composici\u00f3n corporal<br \/>Educaci\u00f3n del atleta<br \/>Seguimiento m\u00e9dico y nutricional<br \/>Etapa precompetitiva<br \/>Estrategias progresivas supervisadas<br \/>Evaluaci\u00f3n cl\u00ednica funcional<br \/>Semana de competencia<br \/>Procedimientos controlados por equipo m\u00e9dico<br \/>Plan de recuperaci\u00f3n posterior<\/p><p>Proyecci\u00f3n futura del programa m\u00e9dico WAKO<br \/>Desarrollo de un registro m\u00e9dico internacional de atletas<br \/>Protocolos m\u00e9dicos unificados<br \/>Educaci\u00f3n m\u00e9dica obligatoria anual<br \/>Certificaci\u00f3n sanitaria para entrenadores<br \/>Programas de prevenci\u00f3n de conmoci\u00f3n cerebral<br \/>Monitoreo de carga de entrenamiento<br \/>Evaluaci\u00f3n metab\u00f3lica y hormonal<br \/><em>Conclusi\u00f3n<\/em><br \/>El atleta moderno requiere una preparaci\u00f3n integral:<br \/>Preparaci\u00f3n t\u00e9cnica<br \/>Preparaci\u00f3n f\u00edsica<br \/>Preparaci\u00f3n m\u00e9dica<br \/>Preparaci\u00f3n adaptativa<br \/>Un programa m\u00e9dico estructurado permite:<br \/>Mayor longevidad deportiva<br \/>Mejor rendimiento competitivo<br \/>Disminuci\u00f3n de lesiones<br \/>Profesionalizaci\u00f3n del kickboxing<\/p><p>La medicina preventiva y la aplicaci\u00f3n estrat\u00e9gica de est\u00edmulos adaptativos representan herramientas clave para el desarrollo del kickboxing competitivo<\/p>\t\t\t\t\t\t\t\t<\/div>\n\t\t\t\t<\/div>\n\t\t\t\t\t<\/div>\n\t\t<\/div>\n\t\t\t\t\t<\/div>\n\t\t<\/section>\n\t\t\t\t<section class=\"elementor-section elementor-top-section elementor-element elementor-element-a7e99b0 elementor-section-boxed elementor-section-height-default elementor-section-height-default\" data-id=\"a7e99b0\" data-element_type=\"section\">\n\t\t\t\t\t\t<div class=\"elementor-container elementor-column-gap-default\">\n\t\t\t\t\t<div class=\"elementor-column elementor-col-50 elementor-top-column elementor-element elementor-element-edcadba\" data-id=\"edcadba\" data-element_type=\"column\">\n\t\t\t<div class=\"elementor-widget-wrap elementor-element-populated\">\n\t\t\t\t\t\t<div class=\"elementor-element elementor-element-cc3f314 elementor-align-center elementor-widget elementor-widget-button\" data-id=\"cc3f314\" data-element_type=\"widget\" data-widget_type=\"button.default\">\n\t\t\t\t<div class=\"elementor-widget-container\">\n\t\t\t\t\t\t\t\t\t<div class=\"elementor-button-wrapper\">\n\t\t\t\t\t<a class=\"elementor-button elementor-button-link elementor-size-sm\" href=\"https:\/\/docs.google.com\/document\/d\/1GCzDJnzzOFGoL1W8vVxFGo5ftcM8pYdi\/edit?usp=sharing&#038;ouid=102783100223321956658&#038;rtpof=true&#038;sd=true\">\n\t\t\t\t\t\t<span class=\"elementor-button-content-wrapper\">\n\t\t\t\t\t\t\t\t\t<span class=\"elementor-button-text\">Curriculum Dra. Barat<\/span>\n\t\t\t\t\t<\/span>\n\t\t\t\t\t<\/a>\n\t\t\t\t<\/div>\n\t\t\t\t\t\t\t\t<\/div>\n\t\t\t\t<\/div>\n\t\t\t\t\t<\/div>\n\t\t<\/div>\n\t\t\t\t<div class=\"elementor-column elementor-col-50 elementor-top-column elementor-element elementor-element-f9ff835\" data-id=\"f9ff835\" data-element_type=\"column\">\n\t\t\t<div class=\"elementor-widget-wrap elementor-element-populated\">\n\t\t\t\t\t\t<div class=\"elementor-element elementor-element-8b61a45 elementor-align-center elementor-widget elementor-widget-button\" data-id=\"8b61a45\" data-element_type=\"widget\" data-widget_type=\"button.default\">\n\t\t\t\t<div class=\"elementor-widget-container\">\n\t\t\t\t\t\t\t\t\t<div class=\"elementor-button-wrapper\">\n\t\t\t\t\t<a class=\"elementor-button elementor-size-sm\" role=\"button\">\n\t\t\t\t\t\t<span class=\"elementor-button-content-wrapper\">\n\t\t\t\t\t\t\t\t\t<span class=\"elementor-button-text\">Curriculum Dr Burga Montoya<\/span>\n\t\t\t\t\t<\/span>\n\t\t\t\t\t<\/a>\n\t\t\t\t<\/div>\n\t\t\t\t\t\t\t\t<\/div>\n\t\t\t\t<\/div>\n\t\t\t\t\t<\/div>\n\t\t<\/div>\n\t\t\t\t\t<\/div>\n\t\t<\/section>\n\t\t\t\t<\/div>\n\t\t<aside class=\"mashsb-container mashsb-main mashsb-stretched\"><div class=\"mashsb-box\"><div class=\"mashsb-buttons\"><a class=\"mashicon-facebook mash-medium mash-center mashsb-noshadow\" href=\"https:\/\/www.facebook.com\/sharer.php?u=https%3A%2F%2Fargentinakickboxing.com%2F%3Fpage_id%3D9751\" target=\"_top\" rel=\"nofollow\"><span class=\"icon\"><\/span><span class=\"text\">Share<\/span><\/a><a class=\"mashicon-twitter mash-medium mash-center mashsb-noshadow\" href=\"https:\/\/twitter.com\/intent\/tweet?text=&amp;url=https:\/\/argentinakickboxing.com\/?page_id=9751\" target=\"_top\" rel=\"nofollow\"><span class=\"icon\"><\/span><span class=\"text\">Tweet<\/span><\/a><div class=\"onoffswitch2 mash-medium mashsb-noshadow\" style=\"display:none\"><\/div><\/div>\n            <\/div>\n                <div style=\"clear:both\"><\/div><div class=\"mashsb-toggle-container\"><\/div><\/aside>\n            <!-- Share buttons by mashshare.net - Version: 4.0.47-->","protected":false},"excerpt":{"rendered":"<p>Dra Guillermina Barat\u00a0 Colaborador Dr Eduardo Burga Montoya \u00a0 PROGRAMA M\u00c9DICO INTEGRALWAKO Kickboxing \u00a0 Preservaci\u00f3n y optimizaci\u00f3n de la salud del atleta Introducci\u00f3nEl kickboxing es un deporte de combate de alta exigencia f\u00edsica, metab\u00f3lica y mental. El desarrollo deportivo moderno requiere integrar la medicina como pilar estructural del rendimiento.Un programa m\u00e9dico organizado permite: -Detectar riesgos &hellip;<\/p>\n<p class=\"read-more\"> <a class=\"\" href=\"https:\/\/argentinakickboxing.com\/?page_id=9751\"> <span class=\"screen-reader-text\">Comit\u00e9 m\u00e9dico<\/span> Leer m\u00e1s &raquo;<\/a><\/p>\n","protected":false},"author":1,"featured_media":0,"parent":0,"menu_order":0,"comment_status":"closed","ping_status":"closed","template":"","meta":{"footnotes":""},"class_list":["post-9751","page","type-page","status-publish","hentry"],"yoast_head":"<!-- This site is optimized with the Yoast SEO plugin v26.8 - https:\/\/yoast.com\/product\/yoast-seo-wordpress\/ -->\n<title>Comit\u00e9 m\u00e9dico - Federaci\u00f3n Argentina de Kickboxing<\/title>\n<meta name=\"robots\" content=\"index, follow, max-snippet:-1, max-image-preview:large, max-video-preview:-1\" \/>\n<link rel=\"canonical\" href=\"https:\/\/argentinakickboxing.com\/?page_id=9751\" \/>\n<meta property=\"og:locale\" content=\"es_ES\" \/>\n<meta property=\"og:type\" content=\"article\" \/>\n<meta property=\"og:title\" content=\"Comit\u00e9 m\u00e9dico - Federaci\u00f3n Argentina de Kickboxing\" \/>\n<meta property=\"og:description\" content=\"Dra Guillermina Barat\u00a0 Colaborador Dr Eduardo Burga Montoya \u00a0 PROGRAMA M\u00c9DICO INTEGRALWAKO Kickboxing \u00a0 Preservaci\u00f3n y optimizaci\u00f3n de la salud del atleta Introducci\u00f3nEl kickboxing es un deporte de combate de alta exigencia f\u00edsica, metab\u00f3lica y mental. El desarrollo deportivo moderno requiere integrar la medicina como pilar estructural del rendimiento.Un programa m\u00e9dico organizado permite: -Detectar riesgos &hellip; Comit\u00e9 m\u00e9dico Leer m\u00e1s &raquo;\" \/>\n<meta property=\"og:url\" content=\"https:\/\/argentinakickboxing.com\/?page_id=9751\" \/>\n<meta property=\"og:site_name\" content=\"Federaci\u00f3n Argentina de Kickboxing\" \/>\n<meta property=\"article:modified_time\" content=\"2026-04-21T16:42:17+00:00\" \/>\n<meta name=\"twitter:card\" content=\"summary_large_image\" \/>\n<meta name=\"twitter:label1\" content=\"Tiempo de lectura\" \/>\n\t<meta name=\"twitter:data1\" content=\"3 minutos\" \/>\n<script type=\"application\/ld+json\" class=\"yoast-schema-graph\">{\"@context\":\"https:\/\/schema.org\",\"@graph\":[{\"@type\":\"WebPage\",\"@id\":\"https:\/\/argentinakickboxing.com\/?page_id=9751\",\"url\":\"https:\/\/argentinakickboxing.com\/?page_id=9751\",\"name\":\"Comit\u00e9 m\u00e9dico - Federaci\u00f3n Argentina de Kickboxing\",\"isPartOf\":{\"@id\":\"https:\/\/argentinakickboxing.com\/#website\"},\"datePublished\":\"2026-04-21T16:20:53+00:00\",\"dateModified\":\"2026-04-21T16:42:17+00:00\",\"breadcrumb\":{\"@id\":\"https:\/\/argentinakickboxing.com\/?page_id=9751#breadcrumb\"},\"inLanguage\":\"es\",\"potentialAction\":[{\"@type\":\"ReadAction\",\"target\":[\"https:\/\/argentinakickboxing.com\/?page_id=9751\"]}]},{\"@type\":\"BreadcrumbList\",\"@id\":\"https:\/\/argentinakickboxing.com\/?page_id=9751#breadcrumb\",\"itemListElement\":[{\"@type\":\"ListItem\",\"position\":1,\"name\":\"Home\",\"item\":\"https:\/\/argentinakickboxing.com\/\"},{\"@type\":\"ListItem\",\"position\":2,\"name\":\"Comit\u00e9 m\u00e9dico\"}]},{\"@type\":\"WebSite\",\"@id\":\"https:\/\/argentinakickboxing.com\/#website\",\"url\":\"https:\/\/argentinakickboxing.com\/\",\"name\":\"Federaci\u00f3n Argentina de Kickboxing\",\"description\":\"Sitio oficial del kickboxing en Argentina\",\"publisher\":{\"@id\":\"https:\/\/argentinakickboxing.com\/#organization\"},\"potentialAction\":[{\"@type\":\"SearchAction\",\"target\":{\"@type\":\"EntryPoint\",\"urlTemplate\":\"https:\/\/argentinakickboxing.com\/?s={search_term_string}\"},\"query-input\":{\"@type\":\"PropertyValueSpecification\",\"valueRequired\":true,\"valueName\":\"search_term_string\"}}],\"inLanguage\":\"es\"},{\"@type\":\"Organization\",\"@id\":\"https:\/\/argentinakickboxing.com\/#organization\",\"name\":\"Federaci\u00f3n Argentina de Kickboxing\",\"url\":\"https:\/\/argentinakickboxing.com\/\",\"logo\":{\"@type\":\"ImageObject\",\"inLanguage\":\"es\",\"@id\":\"https:\/\/argentinakickboxing.com\/#\/schema\/logo\/image\/\",\"url\":\"https:\/\/argentinakickboxing.com\/wp-content\/uploads\/2024\/03\/cropped-Captura-de-pantalla-2024-03-21-180747.jpg\",\"contentUrl\":\"https:\/\/argentinakickboxing.com\/wp-content\/uploads\/2024\/03\/cropped-Captura-de-pantalla-2024-03-21-180747.jpg\",\"width\":1139,\"height\":173,\"caption\":\"Federaci\u00f3n Argentina de Kickboxing\"},\"image\":{\"@id\":\"https:\/\/argentinakickboxing.com\/#\/schema\/logo\/image\/\"}}]}<\/script>\n<!-- \/ Yoast SEO plugin. -->","yoast_head_json":{"title":"Comit\u00e9 m\u00e9dico - Federaci\u00f3n Argentina de Kickboxing","robots":{"index":"index","follow":"follow","max-snippet":"max-snippet:-1","max-image-preview":"max-image-preview:large","max-video-preview":"max-video-preview:-1"},"canonical":"https:\/\/argentinakickboxing.com\/?page_id=9751","og_locale":"es_ES","og_type":"article","og_title":"Comit\u00e9 m\u00e9dico - Federaci\u00f3n Argentina de Kickboxing","og_description":"Dra Guillermina Barat\u00a0 Colaborador Dr Eduardo Burga Montoya \u00a0 PROGRAMA M\u00c9DICO INTEGRALWAKO Kickboxing \u00a0 Preservaci\u00f3n y optimizaci\u00f3n de la salud del atleta Introducci\u00f3nEl kickboxing es un deporte de combate de alta exigencia f\u00edsica, metab\u00f3lica y mental. El desarrollo deportivo moderno requiere integrar la medicina como pilar estructural del rendimiento.Un programa m\u00e9dico organizado permite: -Detectar riesgos &hellip; Comit\u00e9 m\u00e9dico Leer m\u00e1s &raquo;","og_url":"https:\/\/argentinakickboxing.com\/?page_id=9751","og_site_name":"Federaci\u00f3n Argentina de Kickboxing","article_modified_time":"2026-04-21T16:42:17+00:00","twitter_card":"summary_large_image","twitter_misc":{"Tiempo de lectura":"3 minutos"},"schema":{"@context":"https:\/\/schema.org","@graph":[{"@type":"WebPage","@id":"https:\/\/argentinakickboxing.com\/?page_id=9751","url":"https:\/\/argentinakickboxing.com\/?page_id=9751","name":"Comit\u00e9 m\u00e9dico - Federaci\u00f3n Argentina de Kickboxing","isPartOf":{"@id":"https:\/\/argentinakickboxing.com\/#website"},"datePublished":"2026-04-21T16:20:53+00:00","dateModified":"2026-04-21T16:42:17+00:00","breadcrumb":{"@id":"https:\/\/argentinakickboxing.com\/?page_id=9751#breadcrumb"},"inLanguage":"es","potentialAction":[{"@type":"ReadAction","target":["https:\/\/argentinakickboxing.com\/?page_id=9751"]}]},{"@type":"BreadcrumbList","@id":"https:\/\/argentinakickboxing.com\/?page_id=9751#breadcrumb","itemListElement":[{"@type":"ListItem","position":1,"name":"Home","item":"https:\/\/argentinakickboxing.com\/"},{"@type":"ListItem","position":2,"name":"Comit\u00e9 m\u00e9dico"}]},{"@type":"WebSite","@id":"https:\/\/argentinakickboxing.com\/#website","url":"https:\/\/argentinakickboxing.com\/","name":"Federaci\u00f3n Argentina de Kickboxing","description":"Sitio oficial del kickboxing en Argentina","publisher":{"@id":"https:\/\/argentinakickboxing.com\/#organization"},"potentialAction":[{"@type":"SearchAction","target":{"@type":"EntryPoint","urlTemplate":"https:\/\/argentinakickboxing.com\/?s={search_term_string}"},"query-input":{"@type":"PropertyValueSpecification","valueRequired":true,"valueName":"search_term_string"}}],"inLanguage":"es"},{"@type":"Organization","@id":"https:\/\/argentinakickboxing.com\/#organization","name":"Federaci\u00f3n Argentina de Kickboxing","url":"https:\/\/argentinakickboxing.com\/","logo":{"@type":"ImageObject","inLanguage":"es","@id":"https:\/\/argentinakickboxing.com\/#\/schema\/logo\/image\/","url":"https:\/\/argentinakickboxing.com\/wp-content\/uploads\/2024\/03\/cropped-Captura-de-pantalla-2024-03-21-180747.jpg","contentUrl":"https:\/\/argentinakickboxing.com\/wp-content\/uploads\/2024\/03\/cropped-Captura-de-pantalla-2024-03-21-180747.jpg","width":1139,"height":173,"caption":"Federaci\u00f3n Argentina de Kickboxing"},"image":{"@id":"https:\/\/argentinakickboxing.com\/#\/schema\/logo\/image\/"}}]}},"_links":{"self":[{"href":"https:\/\/argentinakickboxing.com\/index.php?rest_route=\/wp\/v2\/pages\/9751","targetHints":{"allow":["GET"]}}],"collection":[{"href":"https:\/\/argentinakickboxing.com\/index.php?rest_route=\/wp\/v2\/pages"}],"about":[{"href":"https:\/\/argentinakickboxing.com\/index.php?rest_route=\/wp\/v2\/types\/page"}],"author":[{"embeddable":true,"href":"https:\/\/argentinakickboxing.com\/index.php?rest_route=\/wp\/v2\/users\/1"}],"replies":[{"embeddable":true,"href":"https:\/\/argentinakickboxing.com\/index.php?rest_route=%2Fwp%2Fv2%2Fcomments&post=9751"}],"version-history":[{"count":16,"href":"https:\/\/argentinakickboxing.com\/index.php?rest_route=\/wp\/v2\/pages\/9751\/revisions"}],"predecessor-version":[{"id":9769,"href":"https:\/\/argentinakickboxing.com\/index.php?rest_route=\/wp\/v2\/pages\/9751\/revisions\/9769"}],"wp:attachment":[{"href":"https:\/\/argentinakickboxing.com\/index.php?rest_route=%2Fwp%2Fv2%2Fmedia&parent=9751"}],"curies":[{"name":"wp","href":"https:\/\/api.w.org\/{rel}","templated":true}]}}