{"id":9683,"date":"2026-04-21T15:32:22","date_gmt":"2026-04-21T15:32:22","guid":{"rendered":"https:\/\/argentinakickboxing.com\/?page_id=9683"},"modified":"2026-04-21T19:50:36","modified_gmt":"2026-04-21T19:50:36","slug":"comision-de-la-mujer","status":"publish","type":"page","link":"https:\/\/argentinakickboxing.com\/?page_id=9683","title":{"rendered":"Comisi\u00f3n de la Mujer"},"content":{"rendered":"\t\t<div data-elementor-type=\"wp-page\" data-elementor-id=\"9683\" class=\"elementor elementor-9683\">\n\t\t\t\t\t\t<section class=\"elementor-section elementor-top-section elementor-element elementor-element-f2cb8cf elementor-section-boxed elementor-section-height-default elementor-section-height-default\" data-id=\"f2cb8cf\" data-element_type=\"section\">\n\t\t\t\t\t\t<div class=\"elementor-container elementor-column-gap-default\">\n\t\t\t\t\t<div class=\"elementor-column elementor-col-100 elementor-top-column elementor-element elementor-element-24cb51d\" data-id=\"24cb51d\" data-element_type=\"column\">\n\t\t\t<div class=\"elementor-widget-wrap elementor-element-populated\">\n\t\t\t\t\t\t<div class=\"elementor-element elementor-element-d186695 elementor-widget elementor-widget-heading\" data-id=\"d186695\" data-element_type=\"widget\" data-widget_type=\"heading.default\">\n\t\t\t\t<div class=\"elementor-widget-container\">\n\t\t\t\t\t<h2 class=\"elementor-heading-title elementor-size-default\">Comite de la Mujer<\/h2>\t\t\t\t<\/div>\n\t\t\t\t<\/div>\n\t\t\t\t\t<\/div>\n\t\t<\/div>\n\t\t\t\t\t<\/div>\n\t\t<\/section>\n\t\t\t\t<section class=\"elementor-section elementor-top-section elementor-element elementor-element-b83225a elementor-section-boxed elementor-section-height-default elementor-section-height-default\" data-id=\"b83225a\" data-element_type=\"section\">\n\t\t\t\t\t\t<div class=\"elementor-container elementor-column-gap-default\">\n\t\t\t\t\t<div class=\"elementor-column elementor-col-100 elementor-top-column elementor-element elementor-element-f133ffa\" data-id=\"f133ffa\" data-element_type=\"column\">\n\t\t\t<div class=\"elementor-widget-wrap elementor-element-populated\">\n\t\t\t\t\t\t<div class=\"elementor-element elementor-element-01a0a75 elementor-widget elementor-widget-text-editor\" data-id=\"01a0a75\" data-element_type=\"widget\" data-widget_type=\"text-editor.default\">\n\t\t\t\t<div class=\"elementor-widget-container\">\n\t\t\t\t\t\t\t\t\t<h4>Directora Ana Furrer<br \/>Secretaria M\u00f3nica Avalos<\/h4><h5>Colaboradores<\/h5><p>\u00a0<\/p><p style=\"padding-left: 40px;\">Juan Coronel .Bs As , Burzaco, juancoronel363@yahoo.com, 1151417090<\/p><p style=\"padding-left: 40px;\">Lourdes Coronel , Bs. As ,burzaco,lourdescoroenel@gmail.com, 1156214811<\/p><p style=\"padding-left: 40px;\">Luciano Rodr\u00edguez Bs As 1138095837<\/p><p style=\"padding-left: 40px;\">Juan Mariano Bustamante<\/p><p style=\"padding-left: 40px;\">Pablo Rodriguez Prov Bs As \/ shaolin7405@gmail.com\/1121792302<\/p><p style=\"padding-left: 40px;\">Alejandro Daniel Da Silva, Caba. afroteams@hotmail.com 1140630986<\/p><p style=\"padding-left: 40px;\">Alfredo Ismael Cordoba Buenos Aires 1167557026<\/p><p style=\"padding-left: 40px;\">Castelli Rodrigo Caba -caballito casteiupfa@gmail.com 113-319-4561<\/p><p style=\"padding-left: 40px;\">C\u00e9sar Isasi, Bs. As. cesarisasi69@gmail.com \u00a01126764507<\/p><p style=\"padding-left: 40px;\">Milagros Zalazar \u00a0Moreno Buenos Aires milagroszalazar1998@gmail.com \u00a01121788140<\/p><p style=\"padding-left: 40px;\">Mendillo Marlene marmendillo2348@gmail.com \u00a01131435031<\/p><p style=\"padding-left: 40px;\">Paula Villarreal Paulavillarreal1989@gmail.com 1160997348<\/p><p style=\"padding-left: 40px;\">Alicia G\u00f3mez,Bs As, gomezgomezalicia26@gmail.com,tele:1157944069<\/p><p style=\"padding-left: 40px;\">Romina Maribel Toledo \u00a0CABA \u00a0toledoromina352@gmail.com \u00a03718545226<\/p><p style=\"padding-left: 40px;\">Soledad Serrano II dan, solserranotkd@hotmail.com, 113182200 . Caba . Campeona Mundial y directora de 5 academias<\/p><p style=\"padding-left: 40px;\">Camila Gonz\u00e1lez , bs as, camilamicaelagonzalez@hotmail.com ,1131869327<\/p><p style=\"padding-left: 40px;\">Camila Rivera \u00a0Buenos Aires asarelvillarreal2003@gmail.com \u00a02212226629<\/p><p style=\"padding-left: 40px;\">Ver\u00f3nica Zarate bs as Ver\u00f3nica_zarate22@yahoo.com.ar<\/p>\t\t\t\t\t\t\t\t<\/div>\n\t\t\t\t<\/div>\n\t\t\t\t\t<\/div>\n\t\t<\/div>\n\t\t\t\t\t<\/div>\n\t\t<\/section>\n\t\t\t\t<section class=\"elementor-section elementor-top-section elementor-element elementor-element-bce6f5a elementor-section-boxed elementor-section-height-default elementor-section-height-default\" data-id=\"bce6f5a\" data-element_type=\"section\">\n\t\t\t\t\t\t<div class=\"elementor-container elementor-column-gap-default\">\n\t\t\t\t\t<div class=\"elementor-column elementor-col-100 elementor-top-column elementor-element elementor-element-e2022d5\" data-id=\"e2022d5\" data-element_type=\"column\">\n\t\t\t<div class=\"elementor-widget-wrap elementor-element-populated\">\n\t\t\t\t\t\t<div class=\"elementor-element elementor-element-e3223b9 elementor-align-center elementor-widget elementor-widget-button\" data-id=\"e3223b9\" data-element_type=\"widget\" data-widget_type=\"button.default\">\n\t\t\t\t<div class=\"elementor-widget-container\">\n\t\t\t\t\t\t\t\t\t<div class=\"elementor-button-wrapper\">\n\t\t\t\t\t<a class=\"elementor-button elementor-button-link elementor-size-sm\" href=\"https:\/\/docs.google.com\/document\/d\/1uK6tIshuiqy8SYFSmifj-VLGTEBXmva8\/edit?usp=sharing&#038;ouid=102783100223321956658&#038;rtpof=true&#038;sd=true\">\n\t\t\t\t\t\t<span class=\"elementor-button-content-wrapper\">\n\t\t\t\t\t\t\t\t\t<span class=\"elementor-button-text\">Plan anual de actividades<\/span>\n\t\t\t\t\t<\/span>\n\t\t\t\t\t<\/a>\n\t\t\t\t<\/div>\n\t\t\t\t\t\t\t\t<\/div>\n\t\t\t\t<\/div>\n\t\t\t\t\t<\/div>\n\t\t<\/div>\n\t\t\t\t\t<\/div>\n\t\t<\/section>\n\t\t\t\t<\/div>\n\t\t<aside class=\"mashsb-container mashsb-main mashsb-stretched\"><div class=\"mashsb-box\"><div class=\"mashsb-buttons\"><a class=\"mashicon-facebook mash-medium mash-center mashsb-noshadow\" href=\"https:\/\/www.facebook.com\/sharer.php?u=https%3A%2F%2Fargentinakickboxing.com%2F%3Fpage_id%3D9683\" target=\"_top\" rel=\"nofollow\"><span class=\"icon\"><\/span><span class=\"text\">Share<\/span><\/a><a class=\"mashicon-twitter mash-medium mash-center mashsb-noshadow\" href=\"https:\/\/twitter.com\/intent\/tweet?text=&amp;url=https:\/\/argentinakickboxing.com\/?page_id=9683\" target=\"_top\" rel=\"nofollow\"><span class=\"icon\"><\/span><span class=\"text\">Tweet<\/span><\/a><div class=\"onoffswitch2 mash-medium mashsb-noshadow\" style=\"display:none\"><\/div><\/div>\n            <\/div>\n                <div style=\"clear:both\"><\/div><div class=\"mashsb-toggle-container\"><\/div><\/aside>\n            <!-- Share buttons by mashshare.net - Version: 4.0.47-->","protected":false},"excerpt":{"rendered":"<p>Comite de la Mujer Directora Ana FurrerSecretaria M\u00f3nica Avalos Colaboradores \u00a0 Juan Coronel .Bs As , Burzaco, juancoronel363@yahoo.com, 1151417090 Lourdes Coronel , Bs. As ,burzaco,lourdescoroenel@gmail.com, 1156214811 Luciano Rodr\u00edguez Bs As 1138095837 Juan Mariano Bustamante Pablo Rodriguez Prov Bs As \/ shaolin7405@gmail.com\/1121792302 Alejandro Daniel Da Silva, Caba. afroteams@hotmail.com 1140630986 Alfredo Ismael Cordoba Buenos Aires 1167557026 Castelli &hellip;<\/p>\n<p class=\"read-more\"> <a class=\"\" href=\"https:\/\/argentinakickboxing.com\/?page_id=9683\"> <span class=\"screen-reader-text\">Comisi\u00f3n de la Mujer<\/span> Leer m\u00e1s &raquo;<\/a><\/p>\n","protected":false},"author":1,"featured_media":0,"parent":0,"menu_order":0,"comment_status":"closed","ping_status":"closed","template":"","meta":{"footnotes":""},"class_list":["post-9683","page","type-page","status-publish","hentry"],"yoast_head":"<!-- This site is optimized with the Yoast SEO plugin v26.8 - https:\/\/yoast.com\/product\/yoast-seo-wordpress\/ -->\n<title>Comisi\u00f3n de la Mujer - Federaci\u00f3n Argentina de Kickboxing<\/title>\n<meta name=\"robots\" content=\"index, follow, max-snippet:-1, max-image-preview:large, max-video-preview:-1\" \/>\n<link rel=\"canonical\" href=\"https:\/\/argentinakickboxing.com\/?page_id=9683\" \/>\n<meta property=\"og:locale\" content=\"es_ES\" \/>\n<meta property=\"og:type\" content=\"article\" \/>\n<meta property=\"og:title\" content=\"Comisi\u00f3n de la Mujer - Federaci\u00f3n Argentina de Kickboxing\" \/>\n<meta property=\"og:description\" content=\"Comite de la Mujer Directora Ana FurrerSecretaria M\u00f3nica Avalos Colaboradores \u00a0 Juan Coronel .Bs As , Burzaco, juancoronel363@yahoo.com, 1151417090 Lourdes Coronel , Bs. As ,burzaco,lourdescoroenel@gmail.com, 1156214811 Luciano Rodr\u00edguez Bs As 1138095837 Juan Mariano Bustamante Pablo Rodriguez Prov Bs As \/ shaolin7405@gmail.com\/1121792302 Alejandro Daniel Da Silva, Caba. afroteams@hotmail.com 1140630986 Alfredo Ismael Cordoba Buenos Aires 1167557026 Castelli &hellip; Comisi\u00f3n de la Mujer Leer m\u00e1s &raquo;\" \/>\n<meta property=\"og:url\" content=\"https:\/\/argentinakickboxing.com\/?page_id=9683\" \/>\n<meta property=\"og:site_name\" content=\"Federaci\u00f3n Argentina de Kickboxing\" \/>\n<meta property=\"article:modified_time\" content=\"2026-04-21T19:50:36+00:00\" \/>\n<meta name=\"twitter:card\" content=\"summary_large_image\" \/>\n<meta name=\"twitter:label1\" content=\"Tiempo de lectura\" \/>\n\t<meta name=\"twitter:data1\" content=\"1 minuto\" \/>\n<script type=\"application\/ld+json\" class=\"yoast-schema-graph\">{\"@context\":\"https:\/\/schema.org\",\"@graph\":[{\"@type\":\"WebPage\",\"@id\":\"https:\/\/argentinakickboxing.com\/?page_id=9683\",\"url\":\"https:\/\/argentinakickboxing.com\/?page_id=9683\",\"name\":\"Comisi\u00f3n de la Mujer - Federaci\u00f3n Argentina de Kickboxing\",\"isPartOf\":{\"@id\":\"https:\/\/argentinakickboxing.com\/#website\"},\"datePublished\":\"2026-04-21T15:32:22+00:00\",\"dateModified\":\"2026-04-21T19:50:36+00:00\",\"breadcrumb\":{\"@id\":\"https:\/\/argentinakickboxing.com\/?page_id=9683#breadcrumb\"},\"inLanguage\":\"es\",\"potentialAction\":[{\"@type\":\"ReadAction\",\"target\":[\"https:\/\/argentinakickboxing.com\/?page_id=9683\"]}]},{\"@type\":\"BreadcrumbList\",\"@id\":\"https:\/\/argentinakickboxing.com\/?page_id=9683#breadcrumb\",\"itemListElement\":[{\"@type\":\"ListItem\",\"position\":1,\"name\":\"Home\",\"item\":\"https:\/\/argentinakickboxing.com\/\"},{\"@type\":\"ListItem\",\"position\":2,\"name\":\"Comisi\u00f3n de la Mujer\"}]},{\"@type\":\"WebSite\",\"@id\":\"https:\/\/argentinakickboxing.com\/#website\",\"url\":\"https:\/\/argentinakickboxing.com\/\",\"name\":\"Federaci\u00f3n Argentina de Kickboxing\",\"description\":\"Sitio oficial del kickboxing en Argentina\",\"publisher\":{\"@id\":\"https:\/\/argentinakickboxing.com\/#organization\"},\"potentialAction\":[{\"@type\":\"SearchAction\",\"target\":{\"@type\":\"EntryPoint\",\"urlTemplate\":\"https:\/\/argentinakickboxing.com\/?s={search_term_string}\"},\"query-input\":{\"@type\":\"PropertyValueSpecification\",\"valueRequired\":true,\"valueName\":\"search_term_string\"}}],\"inLanguage\":\"es\"},{\"@type\":\"Organization\",\"@id\":\"https:\/\/argentinakickboxing.com\/#organization\",\"name\":\"Federaci\u00f3n Argentina de Kickboxing\",\"url\":\"https:\/\/argentinakickboxing.com\/\",\"logo\":{\"@type\":\"ImageObject\",\"inLanguage\":\"es\",\"@id\":\"https:\/\/argentinakickboxing.com\/#\/schema\/logo\/image\/\",\"url\":\"https:\/\/argentinakickboxing.com\/wp-content\/uploads\/2024\/03\/cropped-Captura-de-pantalla-2024-03-21-180747.jpg\",\"contentUrl\":\"https:\/\/argentinakickboxing.com\/wp-content\/uploads\/2024\/03\/cropped-Captura-de-pantalla-2024-03-21-180747.jpg\",\"width\":1139,\"height\":173,\"caption\":\"Federaci\u00f3n Argentina de Kickboxing\"},\"image\":{\"@id\":\"https:\/\/argentinakickboxing.com\/#\/schema\/logo\/image\/\"}}]}<\/script>\n<!-- \/ Yoast SEO plugin. -->","yoast_head_json":{"title":"Comisi\u00f3n de la Mujer - Federaci\u00f3n Argentina de Kickboxing","robots":{"index":"index","follow":"follow","max-snippet":"max-snippet:-1","max-image-preview":"max-image-preview:large","max-video-preview":"max-video-preview:-1"},"canonical":"https:\/\/argentinakickboxing.com\/?page_id=9683","og_locale":"es_ES","og_type":"article","og_title":"Comisi\u00f3n de la Mujer - Federaci\u00f3n Argentina de Kickboxing","og_description":"Comite de la Mujer Directora Ana FurrerSecretaria M\u00f3nica Avalos Colaboradores \u00a0 Juan Coronel .Bs As , Burzaco, juancoronel363@yahoo.com, 1151417090 Lourdes Coronel , Bs. As ,burzaco,lourdescoroenel@gmail.com, 1156214811 Luciano Rodr\u00edguez Bs As 1138095837 Juan Mariano Bustamante Pablo Rodriguez Prov Bs As \/ shaolin7405@gmail.com\/1121792302 Alejandro Daniel Da Silva, Caba. afroteams@hotmail.com 1140630986 Alfredo Ismael Cordoba Buenos Aires 1167557026 Castelli &hellip; Comisi\u00f3n de la Mujer Leer m\u00e1s &raquo;","og_url":"https:\/\/argentinakickboxing.com\/?page_id=9683","og_site_name":"Federaci\u00f3n Argentina de Kickboxing","article_modified_time":"2026-04-21T19:50:36+00:00","twitter_card":"summary_large_image","twitter_misc":{"Tiempo de lectura":"1 minuto"},"schema":{"@context":"https:\/\/schema.org","@graph":[{"@type":"WebPage","@id":"https:\/\/argentinakickboxing.com\/?page_id=9683","url":"https:\/\/argentinakickboxing.com\/?page_id=9683","name":"Comisi\u00f3n de la Mujer - Federaci\u00f3n Argentina de Kickboxing","isPartOf":{"@id":"https:\/\/argentinakickboxing.com\/#website"},"datePublished":"2026-04-21T15:32:22+00:00","dateModified":"2026-04-21T19:50:36+00:00","breadcrumb":{"@id":"https:\/\/argentinakickboxing.com\/?page_id=9683#breadcrumb"},"inLanguage":"es","potentialAction":[{"@type":"ReadAction","target":["https:\/\/argentinakickboxing.com\/?page_id=9683"]}]},{"@type":"BreadcrumbList","@id":"https:\/\/argentinakickboxing.com\/?page_id=9683#breadcrumb","itemListElement":[{"@type":"ListItem","position":1,"name":"Home","item":"https:\/\/argentinakickboxing.com\/"},{"@type":"ListItem","position":2,"name":"Comisi\u00f3n de la Mujer"}]},{"@type":"WebSite","@id":"https:\/\/argentinakickboxing.com\/#website","url":"https:\/\/argentinakickboxing.com\/","name":"Federaci\u00f3n Argentina de Kickboxing","description":"Sitio oficial del kickboxing en Argentina","publisher":{"@id":"https:\/\/argentinakickboxing.com\/#organization"},"potentialAction":[{"@type":"SearchAction","target":{"@type":"EntryPoint","urlTemplate":"https:\/\/argentinakickboxing.com\/?s={search_term_string}"},"query-input":{"@type":"PropertyValueSpecification","valueRequired":true,"valueName":"search_term_string"}}],"inLanguage":"es"},{"@type":"Organization","@id":"https:\/\/argentinakickboxing.com\/#organization","name":"Federaci\u00f3n Argentina de Kickboxing","url":"https:\/\/argentinakickboxing.com\/","logo":{"@type":"ImageObject","inLanguage":"es","@id":"https:\/\/argentinakickboxing.com\/#\/schema\/logo\/image\/","url":"https:\/\/argentinakickboxing.com\/wp-content\/uploads\/2024\/03\/cropped-Captura-de-pantalla-2024-03-21-180747.jpg","contentUrl":"https:\/\/argentinakickboxing.com\/wp-content\/uploads\/2024\/03\/cropped-Captura-de-pantalla-2024-03-21-180747.jpg","width":1139,"height":173,"caption":"Federaci\u00f3n Argentina de Kickboxing"},"image":{"@id":"https:\/\/argentinakickboxing.com\/#\/schema\/logo\/image\/"}}]}},"_links":{"self":[{"href":"https:\/\/argentinakickboxing.com\/index.php?rest_route=\/wp\/v2\/pages\/9683","targetHints":{"allow":["GET"]}}],"collection":[{"href":"https:\/\/argentinakickboxing.com\/index.php?rest_route=\/wp\/v2\/pages"}],"about":[{"href":"https:\/\/argentinakickboxing.com\/index.php?rest_route=\/wp\/v2\/types\/page"}],"author":[{"embeddable":true,"href":"https:\/\/argentinakickboxing.com\/index.php?rest_route=\/wp\/v2\/users\/1"}],"replies":[{"embeddable":true,"href":"https:\/\/argentinakickboxing.com\/index.php?rest_route=%2Fwp%2Fv2%2Fcomments&post=9683"}],"version-history":[{"count":7,"href":"https:\/\/argentinakickboxing.com\/index.php?rest_route=\/wp\/v2\/pages\/9683\/revisions"}],"predecessor-version":[{"id":9794,"href":"https:\/\/argentinakickboxing.com\/index.php?rest_route=\/wp\/v2\/pages\/9683\/revisions\/9794"}],"wp:attachment":[{"href":"https:\/\/argentinakickboxing.com\/index.php?rest_route=%2Fwp%2Fv2%2Fmedia&parent=9683"}],"curies":[{"name":"wp","href":"https:\/\/api.w.org\/{rel}","templated":true}]}}