{"id":4089,"date":"2022-01-27T13:41:47","date_gmt":"2022-01-27T13:41:47","guid":{"rendered":"https:\/\/argentinakickboxing.com\/?page_id=4089"},"modified":"2024-08-28T12:50:08","modified_gmt":"2024-08-28T12:50:08","slug":"inscripcion-a-eventos","status":"publish","type":"page","link":"https:\/\/argentinakickboxing.com\/?page_id=4089","title":{"rendered":"Inscripci\u00f3n a eventos"},"content":{"rendered":"\t\t<div data-elementor-type=\"wp-page\" data-elementor-id=\"4089\" class=\"elementor elementor-4089\">\n\t\t\t\t\t\t<section class=\"elementor-section elementor-top-section elementor-element elementor-element-1c01998 elementor-section-boxed elementor-section-height-default elementor-section-height-default\" data-id=\"1c01998\" data-element_type=\"section\">\n\t\t\t\t\t\t<div class=\"elementor-container elementor-column-gap-default\">\n\t\t\t\t\t<div class=\"elementor-column elementor-col-100 elementor-top-column elementor-element elementor-element-c983609\" data-id=\"c983609\" data-element_type=\"column\">\n\t\t\t<div class=\"elementor-widget-wrap elementor-element-populated\">\n\t\t\t\t\t\t<div class=\"elementor-element elementor-element-d9b4421 elementor-invisible elementor-widget elementor-widget-heading\" data-id=\"d9b4421\" data-element_type=\"widget\" data-settings=\"{&quot;_animation&quot;:&quot;fadeInRight&quot;}\" data-widget_type=\"heading.default\">\n\t\t\t\t<div class=\"elementor-widget-container\">\n\t\t\t\t\t<h2 class=\"elementor-heading-title elementor-size-default\"><a href=\"https:\/\/registros.argentinakickboxing.com\/\">Registro oficial para eventos - ingrese aqu\u00ed<\/a><\/h2>\t\t\t\t<\/div>\n\t\t\t\t<\/div>\n\t\t\t\t\t<\/div>\n\t\t<\/div>\n\t\t\t\t\t<\/div>\n\t\t<\/section>\n\t\t\t\t<section class=\"elementor-section elementor-top-section elementor-element elementor-element-872ff7b elementor-section-boxed elementor-section-height-default elementor-section-height-default\" data-id=\"872ff7b\" data-element_type=\"section\">\n\t\t\t\t\t\t\t<div class=\"elementor-background-overlay\"><\/div>\n\t\t\t\t\t\t\t<div class=\"elementor-container elementor-column-gap-default\">\n\t\t\t\t\t<div class=\"elementor-column elementor-col-50 elementor-top-column elementor-element elementor-element-f68978e\" data-id=\"f68978e\" data-element_type=\"column\">\n\t\t\t<div class=\"elementor-widget-wrap elementor-element-populated\">\n\t\t\t\t\t\t<div class=\"elementor-element elementor-element-5bcfeb4 elementor-widget elementor-widget-image\" data-id=\"5bcfeb4\" data-element_type=\"widget\" data-widget_type=\"image.default\">\n\t\t\t\t<div class=\"elementor-widget-container\">\n\t\t\t\t\t\t\t\t\t\t\t\t\t\t\t\t<a href=\"https:\/\/registros.argentinakickboxing.com\/\">\n\t\t\t\t\t\t\t<img fetchpriority=\"high\" decoding=\"async\" width=\"819\" height=\"1024\" src=\"https:\/\/argentinakickboxing.com\/wp-content\/uploads\/2024\/08\/WhatsApp-Image-2024-08-27-at-2.50.34-PM-819x1024.jpeg\" class=\"attachment-large size-large wp-image-7810\" alt=\"\" srcset=\"https:\/\/argentinakickboxing.com\/wp-content\/uploads\/2024\/08\/WhatsApp-Image-2024-08-27-at-2.50.34-PM-819x1024.jpeg 819w, https:\/\/argentinakickboxing.com\/wp-content\/uploads\/2024\/08\/WhatsApp-Image-2024-08-27-at-2.50.34-PM-240x300.jpeg 240w, https:\/\/argentinakickboxing.com\/wp-content\/uploads\/2024\/08\/WhatsApp-Image-2024-08-27-at-2.50.34-PM-768x960.jpeg 768w, https:\/\/argentinakickboxing.com\/wp-content\/uploads\/2024\/08\/WhatsApp-Image-2024-08-27-at-2.50.34-PM-600x750.jpeg 600w, https:\/\/argentinakickboxing.com\/wp-content\/uploads\/2024\/08\/WhatsApp-Image-2024-08-27-at-2.50.34-PM.jpeg 1080w\" sizes=\"(max-width: 819px) 100vw, 819px\" \/>\t\t\t\t\t\t\t\t<\/a>\n\t\t\t\t\t\t\t\t\t\t\t\t\t\t\t<\/div>\n\t\t\t\t<\/div>\n\t\t\t\t<div class=\"elementor-element elementor-element-a918fe8 elementor-align-center elementor-widget elementor-widget-button\" data-id=\"a918fe8\" data-element_type=\"widget\" data-widget_type=\"button.default\">\n\t\t\t\t<div class=\"elementor-widget-container\">\n\t\t\t\t\t\t\t\t\t<div class=\"elementor-button-wrapper\">\n\t\t\t\t\t<a class=\"elementor-button elementor-button-link elementor-size-sm\" href=\"https:\/\/drive.google.com\/file\/d\/1oN6026Nx1mGP3iiFWaiAxH4eV8gWIuZE\/view?usp=sharing\">\n\t\t\t\t\t\t<span class=\"elementor-button-content-wrapper\">\n\t\t\t\t\t\t\t\t\t<span class=\"elementor-button-text\">invitaci\u00f3n<\/span>\n\t\t\t\t\t<\/span>\n\t\t\t\t\t<\/a>\n\t\t\t\t<\/div>\n\t\t\t\t\t\t\t\t<\/div>\n\t\t\t\t<\/div>\n\t\t\t\t\t<\/div>\n\t\t<\/div>\n\t\t\t\t<div class=\"elementor-column elementor-col-50 elementor-top-column elementor-element elementor-element-0876b4f\" data-id=\"0876b4f\" data-element_type=\"column\">\n\t\t\t<div class=\"elementor-widget-wrap elementor-element-populated\">\n\t\t\t\t\t\t<div class=\"elementor-element elementor-element-7feecf4 elementor-widget elementor-widget-text-editor\" data-id=\"7feecf4\" data-element_type=\"widget\" data-widget_type=\"text-editor.default\">\n\t\t\t\t<div class=\"elementor-widget-container\">\n\t\t\t\t\t\t\t\t\t<figure id=\"attachment_4015\" class=\"wp-caption aligncenter\" aria-describedby=\"caption-attachment-4015\"><figcaption id=\"caption-attachment-4015\" class=\"wp-caption-text\">Reglamento\u00a0<\/figcaption><\/figure><p>Desde\u00a0<a href=\"https:\/\/drive.google.com\/file\/d\/1oN6026Nx1mGP3iiFWaiAxH4eV8gWIuZE\/view?usp=sharing\">aqu<\/a>\u00ed podr\u00e1s acceder a la reglamentaci\u00f3n y aranceles<\/p><p>Los esperamos<\/p>\t\t\t\t\t\t\t\t<\/div>\n\t\t\t\t<\/div>\n\t\t\t\t<div class=\"elementor-element elementor-element-3d4e5f3 elementor-align-center elementor-widget elementor-widget-button\" data-id=\"3d4e5f3\" data-element_type=\"widget\" data-widget_type=\"button.default\">\n\t\t\t\t<div class=\"elementor-widget-container\">\n\t\t\t\t\t\t\t\t\t<div class=\"elementor-button-wrapper\">\n\t\t\t\t\t<a class=\"elementor-button elementor-button-link elementor-size-xl\" href=\"https:\/\/registros.argentinakickboxing.com\/\">\n\t\t\t\t\t\t<span class=\"elementor-button-content-wrapper\">\n\t\t\t\t\t\t\t\t\t<span class=\"elementor-button-text\">Haz clic aqu\u00ed<\/span>\n\t\t\t\t\t<\/span>\n\t\t\t\t\t<\/a>\n\t\t\t\t<\/div>\n\t\t\t\t\t\t\t\t<\/div>\n\t\t\t\t<\/div>\n\t\t\t\t\t<\/div>\n\t\t<\/div>\n\t\t\t\t\t<\/div>\n\t\t<\/section>\n\t\t\t\t<\/div>\n\t\t<aside class=\"mashsb-container mashsb-main mashsb-stretched\"><div class=\"mashsb-box\"><div class=\"mashsb-buttons\"><a class=\"mashicon-facebook mash-medium mash-center mashsb-noshadow\" href=\"https:\/\/www.facebook.com\/sharer.php?u=https%3A%2F%2Fargentinakickboxing.com%2F%3Fpage_id%3D4089\" target=\"_top\" rel=\"nofollow\"><span class=\"icon\"><\/span><span class=\"text\">Share<\/span><\/a><a class=\"mashicon-twitter mash-medium mash-center mashsb-noshadow\" href=\"https:\/\/twitter.com\/intent\/tweet?text=&amp;url=https:\/\/argentinakickboxing.com\/?page_id=4089\" target=\"_top\" rel=\"nofollow\"><span class=\"icon\"><\/span><span class=\"text\">Tweet<\/span><\/a><div class=\"onoffswitch2 mash-medium mashsb-noshadow\" style=\"display:none\"><\/div><\/div>\n            <\/div>\n                <div style=\"clear:both\"><\/div><div class=\"mashsb-toggle-container\"><\/div><\/aside>\n            <!-- Share buttons by mashshare.net - Version: 4.0.47-->","protected":false},"excerpt":{"rendered":"<p>Registro oficial para eventos &#8211; ingrese aqu\u00ed invitaci\u00f3n Reglamento\u00a0 Desde\u00a0aqu\u00ed podr\u00e1s acceder a la reglamentaci\u00f3n y aranceles Los esperamos Haz clic aqu\u00ed<\/p>\n","protected":false},"author":1,"featured_media":0,"parent":0,"menu_order":0,"comment_status":"closed","ping_status":"closed","template":"","meta":{"footnotes":""},"class_list":["post-4089","page","type-page","status-publish","hentry"],"yoast_head":"<!-- This site is optimized with the Yoast SEO plugin v26.8 - https:\/\/yoast.com\/product\/yoast-seo-wordpress\/ -->\n<title>Inscripci\u00f3n a eventos - Federaci\u00f3n Argentina de Kickboxing<\/title>\n<meta name=\"robots\" content=\"index, follow, max-snippet:-1, max-image-preview:large, max-video-preview:-1\" \/>\n<link rel=\"canonical\" href=\"https:\/\/argentinakickboxing.com\/?page_id=4089\" \/>\n<meta property=\"og:locale\" content=\"es_ES\" \/>\n<meta property=\"og:type\" content=\"article\" \/>\n<meta property=\"og:title\" content=\"Inscripci\u00f3n a eventos - Federaci\u00f3n Argentina de Kickboxing\" \/>\n<meta property=\"og:description\" content=\"Registro oficial para eventos &#8211; ingrese aqu\u00ed invitaci\u00f3n Reglamento\u00a0 Desde\u00a0aqu\u00ed podr\u00e1s acceder a la reglamentaci\u00f3n y aranceles Los esperamos Haz clic aqu\u00ed\" \/>\n<meta property=\"og:url\" content=\"https:\/\/argentinakickboxing.com\/?page_id=4089\" \/>\n<meta property=\"og:site_name\" content=\"Federaci\u00f3n Argentina de Kickboxing\" \/>\n<meta property=\"article:modified_time\" content=\"2024-08-28T12:50:08+00:00\" \/>\n<meta property=\"og:image\" content=\"https:\/\/argentinakickboxing.com\/wp-content\/uploads\/2024\/08\/WhatsApp-Image-2024-08-27-at-2.50.34-PM-819x1024.jpeg\" \/>\n<meta name=\"twitter:card\" content=\"summary_large_image\" \/>\n<meta name=\"twitter:label1\" content=\"Tiempo de lectura\" \/>\n\t<meta name=\"twitter:data1\" content=\"1 minuto\" \/>\n<script type=\"application\/ld+json\" class=\"yoast-schema-graph\">{\"@context\":\"https:\/\/schema.org\",\"@graph\":[{\"@type\":\"WebPage\",\"@id\":\"https:\/\/argentinakickboxing.com\/?page_id=4089\",\"url\":\"https:\/\/argentinakickboxing.com\/?page_id=4089\",\"name\":\"Inscripci\u00f3n a eventos - Federaci\u00f3n Argentina de Kickboxing\",\"isPartOf\":{\"@id\":\"https:\/\/argentinakickboxing.com\/#website\"},\"primaryImageOfPage\":{\"@id\":\"https:\/\/argentinakickboxing.com\/?page_id=4089#primaryimage\"},\"image\":{\"@id\":\"https:\/\/argentinakickboxing.com\/?page_id=4089#primaryimage\"},\"thumbnailUrl\":\"https:\/\/argentinakickboxing.com\/wp-content\/uploads\/2024\/08\/WhatsApp-Image-2024-08-27-at-2.50.34-PM-819x1024.jpeg\",\"datePublished\":\"2022-01-27T13:41:47+00:00\",\"dateModified\":\"2024-08-28T12:50:08+00:00\",\"breadcrumb\":{\"@id\":\"https:\/\/argentinakickboxing.com\/?page_id=4089#breadcrumb\"},\"inLanguage\":\"es\",\"potentialAction\":[{\"@type\":\"ReadAction\",\"target\":[\"https:\/\/argentinakickboxing.com\/?page_id=4089\"]}]},{\"@type\":\"ImageObject\",\"inLanguage\":\"es\",\"@id\":\"https:\/\/argentinakickboxing.com\/?page_id=4089#primaryimage\",\"url\":\"https:\/\/argentinakickboxing.com\/wp-content\/uploads\/2024\/08\/WhatsApp-Image-2024-08-27-at-2.50.34-PM-819x1024.jpeg\",\"contentUrl\":\"https:\/\/argentinakickboxing.com\/wp-content\/uploads\/2024\/08\/WhatsApp-Image-2024-08-27-at-2.50.34-PM-819x1024.jpeg\"},{\"@type\":\"BreadcrumbList\",\"@id\":\"https:\/\/argentinakickboxing.com\/?page_id=4089#breadcrumb\",\"itemListElement\":[{\"@type\":\"ListItem\",\"position\":1,\"name\":\"Home\",\"item\":\"https:\/\/argentinakickboxing.com\/\"},{\"@type\":\"ListItem\",\"position\":2,\"name\":\"Inscripci\u00f3n a eventos\"}]},{\"@type\":\"WebSite\",\"@id\":\"https:\/\/argentinakickboxing.com\/#website\",\"url\":\"https:\/\/argentinakickboxing.com\/\",\"name\":\"Federaci\u00f3n Argentina de Kickboxing\",\"description\":\"Sitio oficial del kickboxing en Argentina\",\"publisher\":{\"@id\":\"https:\/\/argentinakickboxing.com\/#organization\"},\"potentialAction\":[{\"@type\":\"SearchAction\",\"target\":{\"@type\":\"EntryPoint\",\"urlTemplate\":\"https:\/\/argentinakickboxing.com\/?s={search_term_string}\"},\"query-input\":{\"@type\":\"PropertyValueSpecification\",\"valueRequired\":true,\"valueName\":\"search_term_string\"}}],\"inLanguage\":\"es\"},{\"@type\":\"Organization\",\"@id\":\"https:\/\/argentinakickboxing.com\/#organization\",\"name\":\"Federaci\u00f3n Argentina de Kickboxing\",\"url\":\"https:\/\/argentinakickboxing.com\/\",\"logo\":{\"@type\":\"ImageObject\",\"inLanguage\":\"es\",\"@id\":\"https:\/\/argentinakickboxing.com\/#\/schema\/logo\/image\/\",\"url\":\"https:\/\/argentinakickboxing.com\/wp-content\/uploads\/2024\/03\/cropped-Captura-de-pantalla-2024-03-21-180747.jpg\",\"contentUrl\":\"https:\/\/argentinakickboxing.com\/wp-content\/uploads\/2024\/03\/cropped-Captura-de-pantalla-2024-03-21-180747.jpg\",\"width\":1139,\"height\":173,\"caption\":\"Federaci\u00f3n Argentina de Kickboxing\"},\"image\":{\"@id\":\"https:\/\/argentinakickboxing.com\/#\/schema\/logo\/image\/\"}}]}<\/script>\n<!-- \/ Yoast SEO plugin. -->","yoast_head_json":{"title":"Inscripci\u00f3n a eventos - Federaci\u00f3n Argentina de Kickboxing","robots":{"index":"index","follow":"follow","max-snippet":"max-snippet:-1","max-image-preview":"max-image-preview:large","max-video-preview":"max-video-preview:-1"},"canonical":"https:\/\/argentinakickboxing.com\/?page_id=4089","og_locale":"es_ES","og_type":"article","og_title":"Inscripci\u00f3n a eventos - Federaci\u00f3n Argentina de Kickboxing","og_description":"Registro oficial para eventos &#8211; ingrese aqu\u00ed invitaci\u00f3n Reglamento\u00a0 Desde\u00a0aqu\u00ed podr\u00e1s acceder a la reglamentaci\u00f3n y aranceles Los esperamos Haz clic aqu\u00ed","og_url":"https:\/\/argentinakickboxing.com\/?page_id=4089","og_site_name":"Federaci\u00f3n Argentina de Kickboxing","article_modified_time":"2024-08-28T12:50:08+00:00","og_image":[{"url":"https:\/\/argentinakickboxing.com\/wp-content\/uploads\/2024\/08\/WhatsApp-Image-2024-08-27-at-2.50.34-PM-819x1024.jpeg","type":"","width":"","height":""}],"twitter_card":"summary_large_image","twitter_misc":{"Tiempo de lectura":"1 minuto"},"schema":{"@context":"https:\/\/schema.org","@graph":[{"@type":"WebPage","@id":"https:\/\/argentinakickboxing.com\/?page_id=4089","url":"https:\/\/argentinakickboxing.com\/?page_id=4089","name":"Inscripci\u00f3n a eventos - Federaci\u00f3n Argentina de Kickboxing","isPartOf":{"@id":"https:\/\/argentinakickboxing.com\/#website"},"primaryImageOfPage":{"@id":"https:\/\/argentinakickboxing.com\/?page_id=4089#primaryimage"},"image":{"@id":"https:\/\/argentinakickboxing.com\/?page_id=4089#primaryimage"},"thumbnailUrl":"https:\/\/argentinakickboxing.com\/wp-content\/uploads\/2024\/08\/WhatsApp-Image-2024-08-27-at-2.50.34-PM-819x1024.jpeg","datePublished":"2022-01-27T13:41:47+00:00","dateModified":"2024-08-28T12:50:08+00:00","breadcrumb":{"@id":"https:\/\/argentinakickboxing.com\/?page_id=4089#breadcrumb"},"inLanguage":"es","potentialAction":[{"@type":"ReadAction","target":["https:\/\/argentinakickboxing.com\/?page_id=4089"]}]},{"@type":"ImageObject","inLanguage":"es","@id":"https:\/\/argentinakickboxing.com\/?page_id=4089#primaryimage","url":"https:\/\/argentinakickboxing.com\/wp-content\/uploads\/2024\/08\/WhatsApp-Image-2024-08-27-at-2.50.34-PM-819x1024.jpeg","contentUrl":"https:\/\/argentinakickboxing.com\/wp-content\/uploads\/2024\/08\/WhatsApp-Image-2024-08-27-at-2.50.34-PM-819x1024.jpeg"},{"@type":"BreadcrumbList","@id":"https:\/\/argentinakickboxing.com\/?page_id=4089#breadcrumb","itemListElement":[{"@type":"ListItem","position":1,"name":"Home","item":"https:\/\/argentinakickboxing.com\/"},{"@type":"ListItem","position":2,"name":"Inscripci\u00f3n a eventos"}]},{"@type":"WebSite","@id":"https:\/\/argentinakickboxing.com\/#website","url":"https:\/\/argentinakickboxing.com\/","name":"Federaci\u00f3n Argentina de Kickboxing","description":"Sitio oficial del kickboxing en Argentina","publisher":{"@id":"https:\/\/argentinakickboxing.com\/#organization"},"potentialAction":[{"@type":"SearchAction","target":{"@type":"EntryPoint","urlTemplate":"https:\/\/argentinakickboxing.com\/?s={search_term_string}"},"query-input":{"@type":"PropertyValueSpecification","valueRequired":true,"valueName":"search_term_string"}}],"inLanguage":"es"},{"@type":"Organization","@id":"https:\/\/argentinakickboxing.com\/#organization","name":"Federaci\u00f3n Argentina de Kickboxing","url":"https:\/\/argentinakickboxing.com\/","logo":{"@type":"ImageObject","inLanguage":"es","@id":"https:\/\/argentinakickboxing.com\/#\/schema\/logo\/image\/","url":"https:\/\/argentinakickboxing.com\/wp-content\/uploads\/2024\/03\/cropped-Captura-de-pantalla-2024-03-21-180747.jpg","contentUrl":"https:\/\/argentinakickboxing.com\/wp-content\/uploads\/2024\/03\/cropped-Captura-de-pantalla-2024-03-21-180747.jpg","width":1139,"height":173,"caption":"Federaci\u00f3n Argentina de Kickboxing"},"image":{"@id":"https:\/\/argentinakickboxing.com\/#\/schema\/logo\/image\/"}}]}},"_links":{"self":[{"href":"https:\/\/argentinakickboxing.com\/index.php?rest_route=\/wp\/v2\/pages\/4089","targetHints":{"allow":["GET"]}}],"collection":[{"href":"https:\/\/argentinakickboxing.com\/index.php?rest_route=\/wp\/v2\/pages"}],"about":[{"href":"https:\/\/argentinakickboxing.com\/index.php?rest_route=\/wp\/v2\/types\/page"}],"author":[{"embeddable":true,"href":"https:\/\/argentinakickboxing.com\/index.php?rest_route=\/wp\/v2\/users\/1"}],"replies":[{"embeddable":true,"href":"https:\/\/argentinakickboxing.com\/index.php?rest_route=%2Fwp%2Fv2%2Fcomments&post=4089"}],"version-history":[{"count":50,"href":"https:\/\/argentinakickboxing.com\/index.php?rest_route=\/wp\/v2\/pages\/4089\/revisions"}],"predecessor-version":[{"id":7819,"href":"https:\/\/argentinakickboxing.com\/index.php?rest_route=\/wp\/v2\/pages\/4089\/revisions\/7819"}],"wp:attachment":[{"href":"https:\/\/argentinakickboxing.com\/index.php?rest_route=%2Fwp%2Fv2%2Fmedia&parent=4089"}],"curies":[{"name":"wp","href":"https:\/\/api.w.org\/{rel}","templated":true}]}}